{"id":210,"date":"2019-10-29T17:33:32","date_gmt":"2019-10-29T17:33:32","guid":{"rendered":"https:\/\/lofw.celfapps.com\/?page_id=210"},"modified":"2021-02-26T10:54:53","modified_gmt":"2021-02-26T10:54:53","slug":"about","status":"publish","type":"page","link":"https:\/\/lofw.celfapps.com\/cy\/about\/","title":{"rendered":"YNGHYLCH"},"content":{"rendered":"\n<p><strong>Bydd G\u0175yl Tirweddau Ffydd yn digwydd bob dydd ym mis Mehefin 2021 yn Ne Cymru<\/strong><\/p>\n\n\n\n<p>Mae ein bryniau, ein cymoedd a\u2019n gwastadeddau arfordirol yn doreithiog eu treftadaeth ffydd gyfoethog, ac eto mae llawer o\u2019r straeon, safleoedd a chwedlau wedi eu colli neu eu cuddio.<\/p>\n\n\n\n<p><strong>Mae G\u0175yl Tirweddau Ffydd ym mis Mehefin yn <\/strong>helfa drysor gymunedol i ddathlu\u2019n traddodiadau ffydd byd-eang mewn Cristnogaeth, Islam, Iddewiaeth, Hind\u0175aeth, Bwdistiaeth, Paganiaeth ac yn safleoedd cynhanesyddol de Cymru.<\/p>\n\n\n\n<p><strong>Bydd yr holl weithgareddau yn Covid-19 ddiogel,\nac os bydd cyfyngiadau gan y Llywodraeth, byddwn yn cynnal llawer o elfennau\u2019r\n\u0175yl ar y we.<\/strong><\/p>\n\n\n\n<p>\n\nByddwn ni\u2019n dod atoch chi i\nddarganfod y trysor gyda chi, yn eich ardal neu\u2019ch cymuned chi. Rydym yn hapus\ni ddod am dro, cynnal sgyrsiau, cymryd rhan mewn cyngherddau, sesiynau galw\nheibio, mynychu ysgolion a digwyddiadau\n\n\n\n<\/p>\n\n\n\n<p>Bydden ni wrth ein bodd i chi gymryd rhan! Awgrymwch fannau i\u2019w fforio, straeon heb eu hadrodd, pobl a anghofiwyd\u2026<\/p>\n\n\n\n<p>Mae\u2019r prosiect yn cael ei redeg gan y fenter hwyluso diwylliannol Coleridge in Wales Cyf a gafodd ei sefydlu gan y canwr Richard Parry. Mae ganddyn nhw brofiad eang o drefnu digwyddiadau a phrosiectau dan arweiniad y gymuned gan gynnwys G\u0175yl 80 diwrnod Coleridge yng Nghymru yn 2016, a chynhyrchu sioe agoriadol Carnifal y M\u00f4r ar gyfer ymweliad yr Eisteddfod Genedlaethol \u00e2 Chaerdydd yn 2018.  <a href=\"http:\/\/www.worldclassfacilitation.org\">http:\/\/www.worldclassfacilitation.org<\/a><\/p>\n\n\n\n<figure class=\"wp-block-embed-youtube wp-block-embed is-type-video is-provider-youtube wp-embed-aspect-16-9 wp-has-aspect-ratio\"><div class=\"wp-block-embed__wrapper\">\n<iframe loading=\"lazy\" title=\"Landscapes of Faith Festival - South Wales\" width=\"500\" height=\"281\" src=\"https:\/\/www.youtube.com\/embed\/21EClw78KuY?feature=oembed\" frameborder=\"0\" allow=\"accelerometer; autoplay; clipboard-write; encrypted-media; gyroscope; picture-in-picture\" allowfullscreen><\/iframe>\n<\/div><\/figure>\n\n\n\n<p> Cysylltwch \u00e2 ni yn: <a href=\"mailto:sayhello@landscapesoffaith.org\">sayhello@landscapesoffaith.org<\/a><\/p>\n\n\n\n<h2 class=\"border-bottom h3 pb-2 mb-3 pt-4\"><strong>CYMERWCH RAN YN YR HELFA DRYSOR<\/strong><\/h2>\n\n\n\n<p>Beth yw\u2019r trysorau yn y dirwedd ffydd yn eich bro chi?<\/p>\n\n\n\n<p>Mae\u2019r \u0175yl yn helfa drysor gymunedol. Rhowch wybod i\nni am y straeon, y bobl a\u2019r dreftadaeth yn eich ardal chi, a byddwn ni\u2019n dod\nallan i\u2019w trafod, eu fforio a\u2019u dathlu gyda chi.<\/p>\n\n\n\n<p>\n\n\n\n\n\n\n\n\n\n\n\n\n\n\n\n\nRydyn ni\u2019n lansio gwefan newydd ar gyfer ymwelwyr rhyngwladol a\nchymunedau lleol er mwyn i bawb gael fforio a mwynhau tirweddau ffydd anhygoel\nac amrywiol De Cymru.\n\n\n\n<\/p>\n\n\n\n<p>Mae\u2019n Amser Stori!<\/p>\n\n\n\n<p>\n\n\n\n\n\n\n\n\n\n\n\n\n\n\n\n\nRydyn ni\u2019n eich gwahodd chi yn unigolion, cymunedau, grwpiau, ysgolion,\npentrefi, sefydliadau ac Awdurdodau Lleol i gymryd rhan ac i ymuno \u00e2\u2019r helfa\ndrysor.\n\n\n\n<\/p>\n\n\n\n<p><a href=\"https:\/\/lofw.celfapps.com\/get-involved\/\">Cymerwch Ran<\/a><\/p>\n\n\n\n<h2 class=\"border-bottom h3 pb-2 mb-3 pt-4\">DE CYMRU<\/h2>\n\n\n\n<section class=\"map-block pb-3 \" id=\"map-block_5db6c2256b282\">\n    <div class=\"container px-0\">\n        <div class=\"festival-header text-left\">\n            <h3 class=\"h2\">Landscapes of Faith in South Wales<\/h3>\n        <\/div>\n\n        <div id=\"discoveryMap\" class=\"my-4\">\n            <div class=\"embed-responsive embed-responsive-16by9 background--gray-200 h-100\">\n                <div class=\"alert-spinner text-center h1\">\n                    <div class=\"spinner-wrap-inner\">\n                        <i class=\"fas fa-circle-notch text--blue fa-spin\"><\/i>\n                    <\/div>\n                <\/div>\n                <div class=\"acf-discovery-map embed-responsive-item\">\n                <\/div>\n            <\/div>\n        <\/div>\n\n        <p class=\"text-right discover-more\">\n            <a href=\"#discoveryMap\" class=\"discover-more-filter\" data-map=\"all\">\n                View More <span class=\"text--red\">+<\/span>\n            <\/a>\n            <a href=\"#discoveryMap\" class=\"discover-less-filter d-none\" data-map=\"less\">\n                View Less <span class=\"text--red\">&#8211;<\/span>\n            <\/a>\n        <\/p>\n    <\/div>\n<\/section>\n\n\n<p>Mae Coleridge in Wales yn gweithio mewn partneriaeth ag Esgobaeth Llandaf ar y prosiect yma.<\/p>\n\n\n\n<div class=\"wp-block-media-text alignwide icon-text\" style=\"grid-template-columns:19% auto\"><figure class=\"wp-block-media-text__media\"><img loading=\"lazy\" width=\"165\" height=\"157\" src=\"https:\/\/lofw.celfapps.com\/app\/uploads\/2019\/10\/welsh-government@2x-100.jpg\" alt=\"\" class=\"wp-image-24\"\/><\/figure><div class=\"wp-block-media-text__content\">\n<p class=\"has-small-font-size smaller-font\">Mae\u2019r prosiect wedi derbyn arian drwy\u2019r Gronfa Arloesi Cynhyrchion Twristiaeth (TPIF) ac mae\u2019n cael ei gefnogi gan Raglen Cymunedau Gwledig \u2013 Datblygiad Gwledig Llywodraeth Cymru 2014-2020, a ariennir gan Gronfa Amaethyddol Ewrop ar gyfer Datblygu Gwledig (EAFRD) a Llywodraeth Cymru. Nod y Gronfa yw annog syniadau cynnyrch arloesol newydd drwy weithio mewn partneriaeth er mwyn cael effaith ehangach a denu mwy o ymwelwyr. <\/p>\n<\/div><\/div>\n\n\n\n<div class=\"wp-block-media-text alignwide icon-text\" style=\"grid-template-columns:18% auto\"><figure class=\"wp-block-media-text__media\"><img loading=\"lazy\" width=\"1024\" height=\"264\" src=\"https:\/\/lofw.celfapps.com\/app\/uploads\/2019\/11\/ALLCHURCHES-TRUST-LOGO-ORIGINAL-1024x264.jpg\" alt=\"\" class=\"wp-image-405\" srcset=\"https:\/\/lofw.celfapps.com\/app\/uploads\/2019\/11\/ALLCHURCHES-TRUST-LOGO-ORIGINAL-1024x264.jpg 1024w, https:\/\/lofw.celfapps.com\/app\/uploads\/2019\/11\/ALLCHURCHES-TRUST-LOGO-ORIGINAL-300x77.jpg 300w, https:\/\/lofw.celfapps.com\/app\/uploads\/2019\/11\/ALLCHURCHES-TRUST-LOGO-ORIGINAL-768x198.jpg 768w, https:\/\/lofw.celfapps.com\/app\/uploads\/2019\/11\/ALLCHURCHES-TRUST-LOGO-ORIGINAL-180x46.jpg 180w, https:\/\/lofw.celfapps.com\/app\/uploads\/2019\/11\/ALLCHURCHES-TRUST-LOGO-ORIGINAL.jpg 1518w\" sizes=\"(max-width: 1024px) 100vw, 1024px\" \/><\/figure><div class=\"wp-block-media-text__content\">\n<p class=\"has-small-font-size\">Mae\u2019n bleser mawr gan brosiect Tirweddau Ffydd fod wedi derbyn arian oddi wrth <a href=\"https:\/\/www.allchurches.co.uk\/\">Allchurches Trust<\/a>.<\/p>\n<\/div><\/div>\n\n\n\n  <section class=\"in-association-with-block pt-4 \" id=\"in-association-with-block_5db01cc7fe644\">\n    <h4 class=\"h3 border-bottom text-uppercase pb-2\">AR Y CYD \u00c2<\/h4>\n    <ul>\n              <li><img alt=\"\" src=\"https:\/\/lofw.celfapps.com\/app\/uploads\/2019\/10\/visit-wales@2x-100.jpg\"><\/li>\n              <li><img alt=\"\" src=\"https:\/\/lofw.celfapps.com\/app\/uploads\/2019\/10\/ty-cerdd@2x-100.jpg\"><\/li>\n              <li><img alt=\"\" src=\"https:\/\/lofw.celfapps.com\/app\/uploads\/2019\/10\/CBHC@2x-100.jpg\"><\/li>\n              <li><img alt=\"\" src=\"https:\/\/lofw.celfapps.com\/app\/uploads\/2019\/11\/cinw-clear-back-113x120.png\"><\/li>\n          <\/ul>\n  <\/section>\n","protected":false},"excerpt":{"rendered":"<p>Bydd G\u0175yl Tirweddau Ffydd yn digwydd bob dydd ym mis Mehefin 2021 yn Ne Cymru Mae ein bryniau, ein cymoedd a\u2019n gwastadeddau arfordirol yn doreithiog eu treftadaeth ffydd gyfoethog, ac eto mae llawer o\u2019r straeon, safleoedd a chwedlau wedi eu colli neu eu cuddio. Mae G\u0175yl Tirweddau Ffydd ym mis Mehefin yn helfa drysor gymunedol<\/p>\n","protected":false},"author":1,"featured_media":0,"parent":0,"menu_order":0,"comment_status":"closed","ping_status":"open","template":"","meta":[],"_links":{"self":[{"href":"https:\/\/lofw.celfapps.com\/cy\/wp-json\/wp\/v2\/pages\/210"}],"collection":[{"href":"https:\/\/lofw.celfapps.com\/cy\/wp-json\/wp\/v2\/pages"}],"about":[{"href":"https:\/\/lofw.celfapps.com\/cy\/wp-json\/wp\/v2\/types\/page"}],"author":[{"embeddable":true,"href":"https:\/\/lofw.celfapps.com\/cy\/wp-json\/wp\/v2\/users\/1"}],"replies":[{"embeddable":true,"href":"https:\/\/lofw.celfapps.com\/cy\/wp-json\/wp\/v2\/comments?post=210"}],"version-history":[{"count":15,"href":"https:\/\/lofw.celfapps.com\/cy\/wp-json\/wp\/v2\/pages\/210\/revisions"}],"predecessor-version":[{"id":880,"href":"https:\/\/lofw.celfapps.com\/cy\/wp-json\/wp\/v2\/pages\/210\/revisions\/880"}],"wp:attachment":[{"href":"https:\/\/lofw.celfapps.com\/cy\/wp-json\/wp\/v2\/media?parent=210"}],"curies":[{"name":"wp","href":"https:\/\/api.w.org\/{rel}","templated":true}]}}